{"id":6020,"date":"2024-07-29T09:16:23","date_gmt":"2024-07-29T09:16:23","guid":{"rendered":"https:\/\/traker2003.com\/avis-legal\/"},"modified":"2024-07-30T16:35:00","modified_gmt":"2024-07-30T16:35:00","slug":"avis-legal","status":"publish","type":"page","link":"https:\/\/traker2003.com\/ca\/avis-legal\/","title":{"rendered":"Av\u00eds legal"},"content":{"rendered":"<p><strong>Titular de la web i dades de contacte<\/strong> traker2003.com \u00e9s un domini a Internet titularitat de <span style=\"color: #000000;\">TRAKER 2003 SL<\/span> amb CIF\/NIF B63091722 i domicili al carrer ATLETISME, 15 &#8211; 08191 RUB\u00cd (Barcelona). La finalitat de la web \u00e9s proporcionar informaci\u00f3 comercial dels productes que distribu\u00efm, aix\u00ed com obrir un canal de contacte entre el client potencial o el client, a trav\u00e9s d&#8217;aquest web. Podeu posar-vos en contacte amb nosaltres:   <\/p>\n<ul>\n<li>Per tel\u00e8fon, al n\u00famero +34 93 588 22 20<\/li>\n<li>Per correu electr\u00f2nic, escribint a info@traker2003.com<\/li>\n<li>Per escrit, dirigint-se a <span style=\"color: #000000;\">TRAKER 2003 SL<\/span> al carrer ATLETISME, 15 &#8211; 08191 RUB\u00cd (Barcelona).<\/li>\n<\/ul>\n<p> Per a qualsevol aclariment si us plau no dubteu a contactar amb <span style=\"color: #000000;\">TRAKER 2003 SL<\/span>, d&#8217;ara endavant el titular de la web. <strong>Condicions d&#8217;\u00fas del web<\/strong> Les condicions d&#8217;\u00fas presents regulen l&#8217;acc\u00e9s a aquest web per part dels clients del titular del web i altres usuaris d&#8217;Internet. Pel sol \u00fas d&#8217;aquesta web, l&#8217;usuari manifesta la seva acceptaci\u00f3 sense reserves de les condicions d&#8217;\u00fas presents. El titular de la web es reserva el dret unilateral de modificar les presents condicions d&#8217;acc\u00e9s a la web, aix\u00ed com els continguts que s&#8217;hi inclouen. <strong>Limitaci\u00f3 i exclusi\u00f3 de responsabilitat <\/strong>El contingut d&#8217;aquest web \u00e9s de car\u00e0cter general i t\u00e9 finalitat i efectes exclusivament informatius. El titular de la web rebutja la responsabilitat sobre qualsevol informaci\u00f3 no elaborada per ella o publicada en nom seu de forma no autoritzada per ella, igual que la responsabilitat que es derivi de la mala utilitzaci\u00f3 per tercers dels continguts. L&#8217;usuari exonera el titular del web de qualsevol responsabilitat que pogu\u00e9s derivar-se de les interrupcions de disponibilitat de la p\u00e0gina web, ja sigui per mal funcionament del servidor web o d&#8217;aplicacions, de les infraestructures de comunicacions, o del programari i maquinari utilitzats per a la navegaci\u00f3. En el cas d&#8217;incloure enlla\u00e7os a altres p\u00e0gines web, el titular de la web declina qualsevol responsabilitat relacionada amb l&#8217;acc\u00e9s i la utilitzaci\u00f3 d&#8217;aquests enlla\u00e7os. <strong>Propietat intel\u00b7lectual i industrial<\/strong> La totalitat d&#8217;aquesta web est\u00e0 protegida per les lleis sobre propietat intel\u00b7lectual i industrial. Llevat que s&#8217;indiqui el contrari, els drets de propietat intel\u00b7lectual sobre aquests continguts corresponen en exclusiva al titular de la web. L&#8217;usuari reconeix que l&#8217;\u00fas dels continguts queda estrictament limitat a finalitats personals del mateix usuari i que la reproducci\u00f3, la distribuci\u00f3, la comunicaci\u00f3 o la transformaci\u00f3 no expressament autoritzada d&#8217;aquestes obres constitueix una infracci\u00f3 dels drets de propietat intel\u00b7lectual. Aix\u00ed mateix, l&#8217;usuari s&#8217;abstindr\u00e0 de fer servir els continguts i, en particular, la informaci\u00f3 de qualsevol classe obtinguda a trav\u00e9s del web per remetre publicitat, comunicacions amb fins de venda directa o amb qualsevol altra classe de finalitat comercial, missatges no sol\u00b7licitats adre\u00e7ats a una pluralitat de persones amb independ\u00e8ncia de la finalitat. Tamb\u00e9 s&#8217;abstindr\u00e0 de comercialitzar o divulgar de qualsevol manera aquesta informaci\u00f3. <span style=\"color: #000000;\">traker2003.com<\/span> \u00e9s un domini de El titular de la web. No es pot utilitzar, llevat d&#8217;autoritzaci\u00f3 expressa pr\u00e8via, en connexi\u00f3 amb altres productes o serveis que no siguin del titular del web de cap manera que pugui causar confusi\u00f3 entre els nostres clients o descr\u00e8dit del titular del web.<strong> Pol\u00edtica per enlla\u00e7ar a aquest web<\/strong> Si qualsevol usuari, entitat o p\u00e0gina web volgu\u00e9s establir algun tipus d&#8217;enlla\u00e7 amb destinaci\u00f3 a aquest web haur\u00e0 de sol\u00b7licitar autoritzaci\u00f3 pr\u00e8via a la realitzaci\u00f3 de l&#8217;enlla\u00e7 i per escrit. A m\u00e9s, nom\u00e9s es permet enlla\u00e7ar a la p\u00e0gina d&#8217;inici de la web. L&#8217;enlla\u00e7 ha de ser absolut i complet, \u00e9s a dir, ha de portar l&#8217;usuari a la pr\u00f2pia adre\u00e7a del titular del web, tot abastant completament l&#8217;extensi\u00f3 de la pantalla de la p\u00e0gina que cont\u00e9 l&#8217;enlla\u00e7.             En cap cas, excepte autoritzaci\u00f3 expressa i per escrit del titular del web, la p\u00e0gina que faci l&#8217;enlla\u00e7 podr\u00e0 reproduir de qualsevol manera el web del titular del web, incloure-la com a part de la seva web o dins d&#8217;un dels seus marcs sobre qualsevol de les p\u00e0gines o continguts de la present web. No s&#8217;inclour\u00e0 cap manifestaci\u00f3 falsa, inexacta o incorrecta sobre les p\u00e0gines d&#8217;aquesta web o els serveis que s&#8217;hi ofereixen. L&#8217;enlla\u00e7 no contindr\u00e0 cap marca, nom comercial, r\u00e8tol d&#8217;establiment, denominaci\u00f3, logotip, esl\u00f2gan o altres signes distintius que pertanyin al titular de la web. En cap circumst\u00e0ncia, el titular de la web ser\u00e0 responsable dels continguts o serveis posats a disposici\u00f3 del p\u00fablic a la p\u00e0gina web des de la qual es realitzi l&#8217;hiperenlla\u00e7 ni de les informacions o manifestacions incloses en aquestes. <strong>Protecci\u00f3 de dades personals <\/strong>La utilitzaci\u00f3 d&#8217;aquest web i dels seus formularis requereix l&#8217;acceptaci\u00f3 del tractament de les dades de l&#8217;usuari d&#8217;acord amb la nostra pol\u00edtica de privadesa, incloent-hi la recopilaci\u00f3 de dades d&#8217;acc\u00e9s i l&#8217;enviament d&#8217;informaci\u00f3 comercial per via electr\u00f2nica. Llegiu detingudament la nostra pol\u00edtica de privadesa per con\u00e8ixer com utilitzem les dades dels usuaris i com exercir els drets d&#8217;acc\u00e9s, rectificaci\u00f3, cancel\u00b7laci\u00f3 i oposici\u00f3.<strong> Cookies<\/strong> Aquest web utilitza cookies pr\u00f2pies i de tercers per a diverses finalitats incloent anal\u00edtiques i publicitat adaptada als interessos de l&#8217;usuari. El simple \u00fas d&#8217;aquest web amb les cookies activades al navegador implica l&#8217;acceptaci\u00f3 del tractament d&#8217;acord amb la nostra pol\u00edtica de cookies. Llegiu detingudament la nostra pol\u00edtica de cookies per con\u00e8ixer els tipus de cookies emprats, i com bloquejar-les i esborrar-les al vostre navegador. <strong>Prevalen\u00e7a de la versi\u00f3 espanyola<\/strong> En cas que es tradueixi aquest av\u00eds legal a altres idiomes, quan hi hagi discrep\u00e0ncia, la versi\u00f3 espanyola prevaldr\u00e0. <strong>Legislaci\u00f3 i Jurisdicci\u00f3 aplicable<\/strong> Aquest Av\u00eds Legal aix\u00ed com les relacions entre el titular de la web i els usuaris, es regiran per la normativa espanyola vigent i qualsevol controv\u00e8rsia se sotmetr\u00e0 als Jutjats i Tribunals de BARCELONA, excepte en el cas de consumidors i usuaris que s&#8217;aplicar\u00e0 el fur imperatiu dels jutjats que corresponguin al seu domicili.         &nbsp;<\/p>\n","protected":false},"excerpt":{"rendered":"<p>Titular de la web i dades de contacte traker2003.com \u00e9s un domini a Internet titularitat de TRAKER 2003 SL amb CIF\/NIF B63091722 i domicili al carrer ATLETISME, 15 &#8211; 08191 RUB\u00cd (Barcelona). La finalitat de la web \u00e9s proporcionar informaci\u00f3 comercial dels productes que distribu\u00efm, aix\u00ed com obrir un canal de contacte entre el client<\/p>\n","protected":false},"author":1,"featured_media":0,"parent":0,"menu_order":0,"comment_status":"closed","ping_status":"closed","template":"","meta":{"footnotes":""},"class_list":["post-6020","page","type-page","status-publish","hentry"],"yoast_head":"<!-- This site is optimized with the Yoast SEO plugin v26.7 - https:\/\/yoast.com\/wordpress\/plugins\/seo\/ -->\n<title>Av\u00eds legal - Traker 2003<\/title>\n<meta name=\"robots\" content=\"index, follow, max-snippet:-1, max-image-preview:large, max-video-preview:-1\" \/>\n<link rel=\"canonical\" href=\"https:\/\/traker2003.com\/ca\/avis-legal\/\" \/>\n<meta property=\"og:locale\" content=\"ca_ES\" \/>\n<meta property=\"og:type\" content=\"article\" \/>\n<meta property=\"og:title\" content=\"Av\u00eds legal - Traker 2003\" \/>\n<meta property=\"og:description\" content=\"Titular de la web i dades de contacte traker2003.com \u00e9s un domini a Internet titularitat de TRAKER 2003 SL amb CIF\/NIF B63091722 i domicili al carrer ATLETISME, 15 &#8211; 08191 RUB\u00cd (Barcelona). La finalitat de la web \u00e9s proporcionar informaci\u00f3 comercial dels productes que distribu\u00efm, aix\u00ed com obrir un canal de contacte entre el client\" \/>\n<meta property=\"og:url\" content=\"https:\/\/traker2003.com\/ca\/avis-legal\/\" \/>\n<meta property=\"og:site_name\" content=\"Traker 2003\" \/>\n<meta property=\"article:modified_time\" content=\"2024-07-30T16:35:00+00:00\" \/>\n<meta name=\"twitter:card\" content=\"summary_large_image\" \/>\n<meta name=\"twitter:label1\" content=\"Temps estimat de lectura\" \/>\n\t<meta name=\"twitter:data1\" content=\"5 minuts\" \/>\n<script type=\"application\/ld+json\" class=\"yoast-schema-graph\">{\"@context\":\"https:\/\/schema.org\",\"@graph\":[{\"@type\":\"WebPage\",\"@id\":\"https:\/\/traker2003.com\/ca\/avis-legal\/\",\"url\":\"https:\/\/traker2003.com\/ca\/avis-legal\/\",\"name\":\"Av\u00eds legal - Traker 2003\",\"isPartOf\":{\"@id\":\"https:\/\/traker2003.com\/ca\/#website\"},\"datePublished\":\"2024-07-29T09:16:23+00:00\",\"dateModified\":\"2024-07-30T16:35:00+00:00\",\"breadcrumb\":{\"@id\":\"https:\/\/traker2003.com\/ca\/avis-legal\/#breadcrumb\"},\"inLanguage\":\"ca\",\"potentialAction\":[{\"@type\":\"ReadAction\",\"target\":[\"https:\/\/traker2003.com\/ca\/avis-legal\/\"]}]},{\"@type\":\"BreadcrumbList\",\"@id\":\"https:\/\/traker2003.com\/ca\/avis-legal\/#breadcrumb\",\"itemListElement\":[{\"@type\":\"ListItem\",\"position\":1,\"name\":\"Portada\",\"item\":\"https:\/\/traker2003.com\/ca\/\"},{\"@type\":\"ListItem\",\"position\":2,\"name\":\"Av\u00eds legal\"}]},{\"@type\":\"WebSite\",\"@id\":\"https:\/\/traker2003.com\/ca\/#website\",\"url\":\"https:\/\/traker2003.com\/ca\/\",\"name\":\"Traker 2003\",\"description\":\"Asesor\u00eda y consultor\u00eda industrial y tecnol\u00f3gica\",\"publisher\":{\"@id\":\"https:\/\/traker2003.com\/ca\/#organization\"},\"potentialAction\":[{\"@type\":\"SearchAction\",\"target\":{\"@type\":\"EntryPoint\",\"urlTemplate\":\"https:\/\/traker2003.com\/ca\/?s={search_term_string}\"},\"query-input\":{\"@type\":\"PropertyValueSpecification\",\"valueRequired\":true,\"valueName\":\"search_term_string\"}}],\"inLanguage\":\"ca\"},{\"@type\":\"Organization\",\"@id\":\"https:\/\/traker2003.com\/ca\/#organization\",\"name\":\"Traker 2003\",\"url\":\"https:\/\/traker2003.com\/ca\/\",\"logo\":{\"@type\":\"ImageObject\",\"inLanguage\":\"ca\",\"@id\":\"https:\/\/traker2003.com\/ca\/#\/schema\/logo\/image\/\",\"url\":\"https:\/\/traker2003.com\/wp-content\/uploads\/2024\/07\/cropped-Favicon_180.png\",\"contentUrl\":\"https:\/\/traker2003.com\/wp-content\/uploads\/2024\/07\/cropped-Favicon_180.png\",\"width\":512,\"height\":512,\"caption\":\"Traker 2003\"},\"image\":{\"@id\":\"https:\/\/traker2003.com\/ca\/#\/schema\/logo\/image\/\"}}]}<\/script>\n<!-- \/ Yoast SEO plugin. -->","yoast_head_json":{"title":"Av\u00eds legal - Traker 2003","robots":{"index":"index","follow":"follow","max-snippet":"max-snippet:-1","max-image-preview":"max-image-preview:large","max-video-preview":"max-video-preview:-1"},"canonical":"https:\/\/traker2003.com\/ca\/avis-legal\/","og_locale":"ca_ES","og_type":"article","og_title":"Av\u00eds legal - Traker 2003","og_description":"Titular de la web i dades de contacte traker2003.com \u00e9s un domini a Internet titularitat de TRAKER 2003 SL amb CIF\/NIF B63091722 i domicili al carrer ATLETISME, 15 &#8211; 08191 RUB\u00cd (Barcelona). La finalitat de la web \u00e9s proporcionar informaci\u00f3 comercial dels productes que distribu\u00efm, aix\u00ed com obrir un canal de contacte entre el client","og_url":"https:\/\/traker2003.com\/ca\/avis-legal\/","og_site_name":"Traker 2003","article_modified_time":"2024-07-30T16:35:00+00:00","twitter_card":"summary_large_image","twitter_misc":{"Temps estimat de lectura":"5 minuts"},"schema":{"@context":"https:\/\/schema.org","@graph":[{"@type":"WebPage","@id":"https:\/\/traker2003.com\/ca\/avis-legal\/","url":"https:\/\/traker2003.com\/ca\/avis-legal\/","name":"Av\u00eds legal - Traker 2003","isPartOf":{"@id":"https:\/\/traker2003.com\/ca\/#website"},"datePublished":"2024-07-29T09:16:23+00:00","dateModified":"2024-07-30T16:35:00+00:00","breadcrumb":{"@id":"https:\/\/traker2003.com\/ca\/avis-legal\/#breadcrumb"},"inLanguage":"ca","potentialAction":[{"@type":"ReadAction","target":["https:\/\/traker2003.com\/ca\/avis-legal\/"]}]},{"@type":"BreadcrumbList","@id":"https:\/\/traker2003.com\/ca\/avis-legal\/#breadcrumb","itemListElement":[{"@type":"ListItem","position":1,"name":"Portada","item":"https:\/\/traker2003.com\/ca\/"},{"@type":"ListItem","position":2,"name":"Av\u00eds legal"}]},{"@type":"WebSite","@id":"https:\/\/traker2003.com\/ca\/#website","url":"https:\/\/traker2003.com\/ca\/","name":"Traker 2003","description":"Asesor\u00eda y consultor\u00eda industrial y tecnol\u00f3gica","publisher":{"@id":"https:\/\/traker2003.com\/ca\/#organization"},"potentialAction":[{"@type":"SearchAction","target":{"@type":"EntryPoint","urlTemplate":"https:\/\/traker2003.com\/ca\/?s={search_term_string}"},"query-input":{"@type":"PropertyValueSpecification","valueRequired":true,"valueName":"search_term_string"}}],"inLanguage":"ca"},{"@type":"Organization","@id":"https:\/\/traker2003.com\/ca\/#organization","name":"Traker 2003","url":"https:\/\/traker2003.com\/ca\/","logo":{"@type":"ImageObject","inLanguage":"ca","@id":"https:\/\/traker2003.com\/ca\/#\/schema\/logo\/image\/","url":"https:\/\/traker2003.com\/wp-content\/uploads\/2024\/07\/cropped-Favicon_180.png","contentUrl":"https:\/\/traker2003.com\/wp-content\/uploads\/2024\/07\/cropped-Favicon_180.png","width":512,"height":512,"caption":"Traker 2003"},"image":{"@id":"https:\/\/traker2003.com\/ca\/#\/schema\/logo\/image\/"}}]}},"_links":{"self":[{"href":"https:\/\/traker2003.com\/ca\/wp-json\/wp\/v2\/pages\/6020","targetHints":{"allow":["GET"]}}],"collection":[{"href":"https:\/\/traker2003.com\/ca\/wp-json\/wp\/v2\/pages"}],"about":[{"href":"https:\/\/traker2003.com\/ca\/wp-json\/wp\/v2\/types\/page"}],"author":[{"embeddable":true,"href":"https:\/\/traker2003.com\/ca\/wp-json\/wp\/v2\/users\/1"}],"replies":[{"embeddable":true,"href":"https:\/\/traker2003.com\/ca\/wp-json\/wp\/v2\/comments?post=6020"}],"version-history":[{"count":1,"href":"https:\/\/traker2003.com\/ca\/wp-json\/wp\/v2\/pages\/6020\/revisions"}],"predecessor-version":[{"id":6107,"href":"https:\/\/traker2003.com\/ca\/wp-json\/wp\/v2\/pages\/6020\/revisions\/6107"}],"wp:attachment":[{"href":"https:\/\/traker2003.com\/ca\/wp-json\/wp\/v2\/media?parent=6020"}],"curies":[{"name":"wp","href":"https:\/\/api.w.org\/{rel}","templated":true}]}}