{"id":5967,"date":"2024-01-10T13:15:16","date_gmt":"2024-01-10T13:15:16","guid":{"rendered":"https:\/\/traker2003.com\/politica-de-privadesa\/"},"modified":"2024-01-10T13:15:16","modified_gmt":"2024-01-10T13:15:16","slug":"politica-de-privadesa","status":"publish","type":"page","link":"https:\/\/traker2003.com\/ca\/politica-de-privadesa\/","title":{"rendered":"Pol\u00edtica de privadesa"},"content":{"rendered":"\n<p>La utilitzaci\u00f3 d&#8217;aquesta web i dels seus formularis requereix l&#8217;acceptaci\u00f3 del tractament de les dades de l&#8217;usuari d&#8217;acord amb aquesta pol\u00edtica de privadesa, incloent-hi la recopilaci\u00f3 de dades d&#8217;acc\u00e9s i l&#8217;enviament d&#8217;informaci\u00f3 comercial per via electr\u00f2nica.<\/p>\n<p><strong>Responsable del tractament de les dades i informaci\u00f3 de contacte<\/strong><\/p>\n<p>El responsable \u00e9s: <span style=\"color: #ff0000;\">Traker 2003<\/span> d&#8217;ara endavant el titular de la web.<\/p>\n<p>Adre\u00e7a: CARRER ATLETISME, 15 &#8211; 08191 RUB\u00cd (BARCELONA).<\/p>\n<p>Dades de contacte del responsable: +34 93 588 22 20<\/p>\n<p>Email:<a href=\"mailto:info@traker2003.com\" target=\"_blank\" rel=\"noopener\"> info@traker2003.com<\/a><\/p>\n<p><strong>Finalitat del tractament de les dades<\/strong><\/p>\n<p>Les dades es tracten amb l&#8217;objectiu de proporcionar acc\u00e9s als continguts en l\u00ednia del web aix\u00ed com atendre les sol\u00b7licituds dels usuaris de la web, portar un registre de visites (adreces IP, dades del navegador, pa\u00eds, p\u00e0gina accedida, etc.) a efectes estad\u00edstics, aplicar mesures encaminades a la seguretat de la web, aix\u00ed com si escau enviar-li per mitjans electr\u00f2nics informaci\u00f3 comercial sobre els nostres productes i serveis.<\/p>\n<p>En cas d&#8217;emplenar algun dels formularis caldr\u00e0 facilitar determinades dades personals, les quals es tractaran per a la finalitat per a la qual se sol\u00b7liciten.<\/p>\n<p><strong>Legitimaci\u00f3<\/strong><\/p>\n<p>Les dades es tracten sobre la base del consentiment de l&#8217;usuari, el compliment d&#8217;obligacions legals, si escau per a l&#8217;execuci\u00f3 d&#8217;un contracte o precontracte.<\/p>\n<p><strong>Destinataris i transfer\u00e8ncies<\/strong><\/p>\n<p>Destinataris: el titular de la web i empreses del grup.<\/p>\n<p>No es preveu la transfer\u00e8ncia internacional (fora de l&#8217;Espai Econ\u00f2mic Europeu), excepte amb fins d&#8217;emmagatzematge, i en tot cas segons l&#8217;exist\u00e8ncia d&#8217;una decisi\u00f3 d&#8217;adequaci\u00f3, segons l&#8217;exist\u00e8ncia de garanties adequades, aix\u00ed com entitats adherides a l&#8217;acord <a href=\"http:\/\/www.privacyshield.gov\/\">privacy shield<\/a> (http:\/\/www.privacyshield.gov)<\/p>\n<p><strong>Termini de conservaci\u00f3 de les dades<\/strong><\/p>\n<p>Almenys durant els terminis establerts per la legislaci\u00f3 aplicable i, en tot cas, mentre es mantingui la vig\u00e8ncia del consentiment.<\/p>\n<p><strong>Drets de les persones<\/strong><\/p>\n<p>Els afectats tenen dret a: accedir, rectificar i suprimir les dades; sol\u00b7licitar la portabilitat de les vostres dades; oposar-se al tractament o sol\u00b7licitar-ne la limitaci\u00f3; retirar el consentiment prestat, si escau.<\/p>\n<p>Per fer-ho, podeu enviar la vostra sol\u00b7licitud per escrit o correu electr\u00f2nic a l&#8217;adre\u00e7a del responsable, incloent-hi la refer\u00e8ncia \u00abProtecci\u00f3 de dades\u00bb.<\/p>\n<p>Per facilitar la identificaci\u00f3 recomanem que el titular de les dades adjunti a la sol\u00b7licitud c\u00f2pia del vostre DNI o passaport.<\/p>\n<p>Els afectats tamb\u00e9 poden fer una reclamaci\u00f3 davant l&#8217;Autoritat de Control de protecci\u00f3 de dades.<\/p>\n<p><strong>Veracitat i actualitzaci\u00f3 de les dades<\/strong><\/p>\n<p>L&#8217;usuari ha d&#8217;emplenar els formularis amb dades veritables, exactes, completes i actuals. L&#8217;usuari no introduir\u00e0 dades corresponents a cap altra persona. El titular de la web presumir\u00e0 que les dades han estat facilitades pel titular de les mateixes. L&#8217;usuari ser\u00e0 l&#8217;\u00fanic responsable de qualsevol dany o perjudici, directe o indirecte que pogu\u00e9s ocasionar qualsevol persona a causa de l&#8217;emplenament del formulari amb dades falses, inexactes, incompletes o no actualitzades o relatives a una altra persona.   <\/p>\n<p>L&#8217;usuari ha de comunicar qualsevol modificaci\u00f3 a les dades proporcionades per tal de mantenir les seves dades degudament actualitzades.<\/p>\n<p><strong>Seguretat de la informaci\u00f3<\/strong><\/p>\n<p>El titular de la web ha pres totes les mesures legalment requerides per a la protecci\u00f3 de dades personals; aix\u00ed mateix, ha adoptat tots els dispositius t\u00e8cnics al seu abast per evitar la p\u00e8rdua, mal \u00fas, alteraci\u00f3, acc\u00e9s o robatori de les dades personals facilitades pels usuaris de la web. L&#8217;usuari tindr\u00e0 en compte, per\u00f2, que les mesures de seguretat a Internet no s\u00f3n absolutament inviolables. <\/p>\n<p><strong>Menors d&#8217;edat<\/strong><\/p>\n<p>El titular de la web prohibeix l&#8217;\u00fas dels seus serveis web als usuaris menors de 16 anys, llevat del consentiment expr\u00e9s dels pares o tutors.<\/p>\n<p><strong>Anal\u00edtiques Web<\/strong><\/p>\n<p>Aquesta web empra diverses anal\u00edtiques per con\u00e8ixer la manera com \u00e9s buscada, accedida i utilitzada pel p\u00fablic. Aquestes anal\u00edtiques poden implicar la recopilaci\u00f3 de dades de car\u00e0cter personal com ara l&#8217;adre\u00e7a IP, la localitzaci\u00f3 de la connexi\u00f3, la informaci\u00f3 sobre el programari o el maquinari de navegaci\u00f3, etc. Aquesta informaci\u00f3 no sassocia als usuaris i sutilitza amb la finalitat exclusiva dobtenir informaci\u00f3 estad\u00edstica sobre l\u00fas del web de lempresa.  <\/p>\n<p><strong>Utilitzaci\u00f3 de funcions i complements de tercers<\/strong><\/p>\n<p>Aquesta web pot incorporar funcions i complements proporcionats per tercers per a diverses finalitats, com ara: anal\u00edtiques web de tercers, mapes de tercers, v\u00eddeos de tercers, compartici\u00f3 en xarxes socials; etc.<\/p>\n<p>Una funci\u00f3 o complement d&#8217;un tercer estableix una connexi\u00f3 directa entre el navegador de l&#8217;usuari i els dominis d&#8217;Internet controlats pel tercer, permetent la desc\u00e0rrega i execuci\u00f3 de la funci\u00f3.<\/p>\n<p>Aix\u00ed mateix, la majoria de complements de tercers recopilen quines p\u00e0gines visiten els usuaris per con\u00e8ixer els seus interessos i poder oferir posteriorment publicitat adaptada als mateixos.<\/p>\n<p><strong>Utilitzaci\u00f3 de la funci\u00f3 Google Analytics proporcionada per Google, Inc.<\/strong><\/p>\n<p>Aquest web integra funcions anal\u00edtiques de Google Inc (1600 AMPHITHEATRE PARKWAY, MOUNTAIN VIEW, CALIFORNIA, USA) per con\u00e8ixer la manera com \u00e9s buscada, accedida i utilitzada pels usuaris. Per fer-ho, en utilitzar aquest web el navegador de l&#8217;usuari estableix una connexi\u00f3 directa amb els servidors del domini d&#8217;Internet google.com i altres dominis de Google. Aix\u00f2 permet a Google registrar l&#8217;activitat de l&#8217;usuari aix\u00ed com informaci\u00f3 relativa a la vostra adre\u00e7a IP.   Google Analytics fa \u00fas de cookies persistents per elaborar estad\u00edstiques an\u00f2nimes sobre l&#8217;\u00fas d&#8217;aquest web, d&#8217;acord amb la pol\u00edtica de privadesa seg\u00fcent: <a href=\"https:\/\/www.google.com\/analytics\/learn\/privacy.html?hl=es.\">https:\/\/www.google.com\/analytics\/learn\/privacy.html?hl=es.<\/a> En utilitzar aquest web l&#8217;usuari consent el tractament de les seves dades per Google en la forma i per als fins indicats.<\/p>\n<p><strong>Utilitzaci\u00f3 de funcions proporcionades per Google, Inc.<\/strong><\/p>\n<p>Aquest web integra funcions de Google Inc (1600 AMPHITHEATRE PARKWAY, MOUNTAIN VIEW, CALIFORNIA, USA), com ara v\u00eddeos de Youtube, mapes i botons \u00ab+1\u00bb. Per fer-ho, en utilitzar el web el navegador de l&#8217;usuari estableix una connexi\u00f3 directa amb els servidors del domini d&#8217;Internet google.com i altres dominis de Google. Aix\u00f2 permet a Google con\u00e8ixer que l&#8217;usuari ha visitat la web des de la vostra adre\u00e7a IP. Google fa \u00fas de cookies persistents, emmagatzematge local i emmagatzematge local de Flash al dispositiu de l&#8217;usuari, per a diverses finalitats incloent la recopilaci\u00f3 de l&#8217;activitat de l&#8217;usuari a Internet per oferir publicitat adaptada als seus interessos, conforme a les seves pol\u00edtiques de privadesa: http: \/\/www.google.es\/intl\/es\/policies\/privacy\/. En utilitzar aquest web l&#8217;usuari consent el tractament de les seves dades per Google en la forma i per als fins indicats.Google hace uso de cookies persistentes, almacenamiento local y almacenamiento local de Flash en el dispositivo del usuario, para varias finalidades incluyendo la recopilaci\u00f3n de la actividad del usuario en Internet para ofrecerle publicidad adaptada a sus intereses, conforme a sus pol\u00edticas de privacidad: <a href=\"http:\/\/www.google.es\/intl\/es\/policies\/privacy\/\">http:\/\/www.google.es\/intl\/es\/policies\/privacy\/.<\/a> Al utilizar este la web el usuario consiente el tratamiento de sus datos por Google en la forma y para los fines indicados.<\/p>\n<p><strong> <\/strong><\/p>\n","protected":false},"excerpt":{"rendered":"<p>La utilitzaci\u00f3 d&#8217;aquesta web i dels seus formularis requereix l&#8217;acceptaci\u00f3 del tractament de les dades de l&#8217;usuari d&#8217;acord amb aquesta pol\u00edtica de privadesa, incloent-hi la recopilaci\u00f3 de dades d&#8217;acc\u00e9s i l&#8217;enviament d&#8217;informaci\u00f3 comercial per via electr\u00f2nica. Responsable del tractament de les dades i informaci\u00f3 de contacte El responsable \u00e9s: Traker 2003 d&#8217;ara endavant el titular<\/p>\n","protected":false},"author":1,"featured_media":0,"parent":0,"menu_order":0,"comment_status":"closed","ping_status":"open","template":"","meta":{"footnotes":""},"class_list":["post-5967","page","type-page","status-publish","hentry"],"yoast_head":"<!-- This site is optimized with the Yoast SEO plugin v26.7 - https:\/\/yoast.com\/wordpress\/plugins\/seo\/ -->\n<title>Pol\u00edtica de privadesa - Traker 2003<\/title>\n<meta name=\"robots\" content=\"index, follow, max-snippet:-1, max-image-preview:large, max-video-preview:-1\" \/>\n<link rel=\"canonical\" href=\"https:\/\/traker2003.com\/ca\/politica-de-privadesa\/\" \/>\n<meta property=\"og:locale\" content=\"ca_ES\" \/>\n<meta property=\"og:type\" content=\"article\" \/>\n<meta property=\"og:title\" content=\"Pol\u00edtica de privadesa - Traker 2003\" \/>\n<meta property=\"og:description\" content=\"La utilitzaci\u00f3 d&#8217;aquesta web i dels seus formularis requereix l&#8217;acceptaci\u00f3 del tractament de les dades de l&#8217;usuari d&#8217;acord amb aquesta pol\u00edtica de privadesa, incloent-hi la recopilaci\u00f3 de dades d&#8217;acc\u00e9s i l&#8217;enviament d&#8217;informaci\u00f3 comercial per via electr\u00f2nica. Responsable del tractament de les dades i informaci\u00f3 de contacte El responsable \u00e9s: Traker 2003 d&#8217;ara endavant el titular\" \/>\n<meta property=\"og:url\" content=\"https:\/\/traker2003.com\/ca\/politica-de-privadesa\/\" \/>\n<meta property=\"og:site_name\" content=\"Traker 2003\" \/>\n<meta name=\"twitter:card\" content=\"summary_large_image\" \/>\n<meta name=\"twitter:label1\" content=\"Temps estimat de lectura\" \/>\n\t<meta name=\"twitter:data1\" content=\"6 minuts\" \/>\n<script type=\"application\/ld+json\" class=\"yoast-schema-graph\">{\"@context\":\"https:\/\/schema.org\",\"@graph\":[{\"@type\":\"WebPage\",\"@id\":\"https:\/\/traker2003.com\/ca\/politica-de-privadesa\/\",\"url\":\"https:\/\/traker2003.com\/ca\/politica-de-privadesa\/\",\"name\":\"Pol\u00edtica de privadesa - Traker 2003\",\"isPartOf\":{\"@id\":\"https:\/\/traker2003.com\/ca\/#website\"},\"datePublished\":\"2024-01-10T13:15:16+00:00\",\"breadcrumb\":{\"@id\":\"https:\/\/traker2003.com\/ca\/politica-de-privadesa\/#breadcrumb\"},\"inLanguage\":\"ca\",\"potentialAction\":[{\"@type\":\"ReadAction\",\"target\":[\"https:\/\/traker2003.com\/ca\/politica-de-privadesa\/\"]}]},{\"@type\":\"BreadcrumbList\",\"@id\":\"https:\/\/traker2003.com\/ca\/politica-de-privadesa\/#breadcrumb\",\"itemListElement\":[{\"@type\":\"ListItem\",\"position\":1,\"name\":\"Portada\",\"item\":\"https:\/\/traker2003.com\/ca\/\"},{\"@type\":\"ListItem\",\"position\":2,\"name\":\"Pol\u00edtica de privadesa\"}]},{\"@type\":\"WebSite\",\"@id\":\"https:\/\/traker2003.com\/ca\/#website\",\"url\":\"https:\/\/traker2003.com\/ca\/\",\"name\":\"Traker 2003\",\"description\":\"Asesor\u00eda y consultor\u00eda industrial y tecnol\u00f3gica\",\"publisher\":{\"@id\":\"https:\/\/traker2003.com\/ca\/#organization\"},\"potentialAction\":[{\"@type\":\"SearchAction\",\"target\":{\"@type\":\"EntryPoint\",\"urlTemplate\":\"https:\/\/traker2003.com\/ca\/?s={search_term_string}\"},\"query-input\":{\"@type\":\"PropertyValueSpecification\",\"valueRequired\":true,\"valueName\":\"search_term_string\"}}],\"inLanguage\":\"ca\"},{\"@type\":\"Organization\",\"@id\":\"https:\/\/traker2003.com\/ca\/#organization\",\"name\":\"Traker 2003\",\"url\":\"https:\/\/traker2003.com\/ca\/\",\"logo\":{\"@type\":\"ImageObject\",\"inLanguage\":\"ca\",\"@id\":\"https:\/\/traker2003.com\/ca\/#\/schema\/logo\/image\/\",\"url\":\"https:\/\/traker2003.com\/wp-content\/uploads\/2024\/07\/cropped-Favicon_180.png\",\"contentUrl\":\"https:\/\/traker2003.com\/wp-content\/uploads\/2024\/07\/cropped-Favicon_180.png\",\"width\":512,\"height\":512,\"caption\":\"Traker 2003\"},\"image\":{\"@id\":\"https:\/\/traker2003.com\/ca\/#\/schema\/logo\/image\/\"}}]}<\/script>\n<!-- \/ Yoast SEO plugin. -->","yoast_head_json":{"title":"Pol\u00edtica de privadesa - Traker 2003","robots":{"index":"index","follow":"follow","max-snippet":"max-snippet:-1","max-image-preview":"max-image-preview:large","max-video-preview":"max-video-preview:-1"},"canonical":"https:\/\/traker2003.com\/ca\/politica-de-privadesa\/","og_locale":"ca_ES","og_type":"article","og_title":"Pol\u00edtica de privadesa - Traker 2003","og_description":"La utilitzaci\u00f3 d&#8217;aquesta web i dels seus formularis requereix l&#8217;acceptaci\u00f3 del tractament de les dades de l&#8217;usuari d&#8217;acord amb aquesta pol\u00edtica de privadesa, incloent-hi la recopilaci\u00f3 de dades d&#8217;acc\u00e9s i l&#8217;enviament d&#8217;informaci\u00f3 comercial per via electr\u00f2nica. Responsable del tractament de les dades i informaci\u00f3 de contacte El responsable \u00e9s: Traker 2003 d&#8217;ara endavant el titular","og_url":"https:\/\/traker2003.com\/ca\/politica-de-privadesa\/","og_site_name":"Traker 2003","twitter_card":"summary_large_image","twitter_misc":{"Temps estimat de lectura":"6 minuts"},"schema":{"@context":"https:\/\/schema.org","@graph":[{"@type":"WebPage","@id":"https:\/\/traker2003.com\/ca\/politica-de-privadesa\/","url":"https:\/\/traker2003.com\/ca\/politica-de-privadesa\/","name":"Pol\u00edtica de privadesa - Traker 2003","isPartOf":{"@id":"https:\/\/traker2003.com\/ca\/#website"},"datePublished":"2024-01-10T13:15:16+00:00","breadcrumb":{"@id":"https:\/\/traker2003.com\/ca\/politica-de-privadesa\/#breadcrumb"},"inLanguage":"ca","potentialAction":[{"@type":"ReadAction","target":["https:\/\/traker2003.com\/ca\/politica-de-privadesa\/"]}]},{"@type":"BreadcrumbList","@id":"https:\/\/traker2003.com\/ca\/politica-de-privadesa\/#breadcrumb","itemListElement":[{"@type":"ListItem","position":1,"name":"Portada","item":"https:\/\/traker2003.com\/ca\/"},{"@type":"ListItem","position":2,"name":"Pol\u00edtica de privadesa"}]},{"@type":"WebSite","@id":"https:\/\/traker2003.com\/ca\/#website","url":"https:\/\/traker2003.com\/ca\/","name":"Traker 2003","description":"Asesor\u00eda y consultor\u00eda industrial y tecnol\u00f3gica","publisher":{"@id":"https:\/\/traker2003.com\/ca\/#organization"},"potentialAction":[{"@type":"SearchAction","target":{"@type":"EntryPoint","urlTemplate":"https:\/\/traker2003.com\/ca\/?s={search_term_string}"},"query-input":{"@type":"PropertyValueSpecification","valueRequired":true,"valueName":"search_term_string"}}],"inLanguage":"ca"},{"@type":"Organization","@id":"https:\/\/traker2003.com\/ca\/#organization","name":"Traker 2003","url":"https:\/\/traker2003.com\/ca\/","logo":{"@type":"ImageObject","inLanguage":"ca","@id":"https:\/\/traker2003.com\/ca\/#\/schema\/logo\/image\/","url":"https:\/\/traker2003.com\/wp-content\/uploads\/2024\/07\/cropped-Favicon_180.png","contentUrl":"https:\/\/traker2003.com\/wp-content\/uploads\/2024\/07\/cropped-Favicon_180.png","width":512,"height":512,"caption":"Traker 2003"},"image":{"@id":"https:\/\/traker2003.com\/ca\/#\/schema\/logo\/image\/"}}]}},"_links":{"self":[{"href":"https:\/\/traker2003.com\/ca\/wp-json\/wp\/v2\/pages\/5967","targetHints":{"allow":["GET"]}}],"collection":[{"href":"https:\/\/traker2003.com\/ca\/wp-json\/wp\/v2\/pages"}],"about":[{"href":"https:\/\/traker2003.com\/ca\/wp-json\/wp\/v2\/types\/page"}],"author":[{"embeddable":true,"href":"https:\/\/traker2003.com\/ca\/wp-json\/wp\/v2\/users\/1"}],"replies":[{"embeddable":true,"href":"https:\/\/traker2003.com\/ca\/wp-json\/wp\/v2\/comments?post=5967"}],"version-history":[{"count":0,"href":"https:\/\/traker2003.com\/ca\/wp-json\/wp\/v2\/pages\/5967\/revisions"}],"wp:attachment":[{"href":"https:\/\/traker2003.com\/ca\/wp-json\/wp\/v2\/media?parent=5967"}],"curies":[{"name":"wp","href":"https:\/\/api.w.org\/{rel}","templated":true}]}}